
{"id":9817,"date":"2026-02-23T12:28:57","date_gmt":"2026-02-23T11:28:57","guid":{"rendered":"https:\/\/przedszkole108.edu.wroclaw.pl\/?page_id=9817"},"modified":"2026-02-23T12:49:28","modified_gmt":"2026-02-23T11:49:28","slug":"ksef","status":"publish","type":"page","link":"https:\/\/przedszkole108.edu.wroclaw.pl\/index.php\/kontakt\/ksef\/","title":{"rendered":"KSeF"},"content":{"rendered":"<div class=\"wpb-content-wrapper\"><p>[vc_row][vc_column][vc_column_text css=&#8221;&#8221;]<\/p>\n<h2><span style=\"font-size: 18pt;\"><strong>Spos\u00f3b wystawiania w KSeF faktur zakupowych dla jednostek organizacyjnych Gminy Wroc\u0142aw<\/strong><\/span><\/h2>\n<ol>\n<li style=\"list-style-type: none;\">\n<ol>\n<li><strong>Pola dotycz\u0105ce Podmiot2 (Nabywca)<\/strong><\/li>\n<\/ol>\n<\/li>\n<\/ol>\n<table style=\"border-style: solid; border-color: #000000;\" border=\"1px\" cellspacing=\"0px\" cellpadding=\"10px\">\n<tbody>\n<tr>\n<td rowspan=\"2\" width=\"170\">Podmiot2<\/p>\n<p>Dane identyfikacyjne<\/td>\n<td width=\"233\">NIP<\/td>\n<td width=\"201\">8971383551<\/td>\n<\/tr>\n<tr>\n<td width=\"233\">Nazwa<\/td>\n<td width=\"201\">Gmina Wroc\u0142aw<\/td>\n<\/tr>\n<tr>\n<td rowspan=\"2\" width=\"170\">Podmiot2<\/p>\n<p>Adres<\/td>\n<td width=\"233\">Kod Kraju<\/td>\n<td width=\"201\">PL<\/td>\n<\/tr>\n<tr>\n<td width=\"233\">Adres<\/td>\n<td width=\"201\">pl. Nowy Targ 1-8,<\/p>\n<p>50-141 Wroc\u0142aw<\/td>\n<\/tr>\n<tr>\n<td rowspan=\"2\" width=\"170\">Podmiot2<\/td>\n<td width=\"233\"><strong>JST<\/strong><\/td>\n<td width=\"201\"><strong>1<\/strong><\/td>\n<\/tr>\n<tr>\n<td width=\"233\">GV<\/td>\n<td width=\"201\">2<\/td>\n<\/tr>\n<\/tbody>\n<\/table>\n<p>Uwagi:<\/p>\n<ol>\n<li>zaznaczenie w rubryce \u201eJST\u201d warto\u015bci \u201e1\u201d informuje o tym, \u017ce faktura dotyczy jednostki podrz\u0119dnej (jednostki bud\u017cetowej lub samorz\u0105dowego zak\u0142adu bud\u017cetowego)<\/li>\n<li>zaznaczenie w rubryce \u201eGV\u201d warto\u015bci \u201e2\u201d informuje o tym, \u017ce Gmina Wroc\u0142aw nie jest grup\u0105 VAT<\/li>\n<\/ol>\n<p>&nbsp;<\/p>\n<ol start=\"2\">\n<li><strong>Pola dotycz\u0105ce Podmiot3<\/strong><\/li>\n<\/ol>\n<table style=\"border-style: solid; border-color: #000000;\" border=\"1px\" cellspacing=\"0px\" cellpadding=\"10px\">\n<tbody>\n<tr>\n<td rowspan=\"2\" width=\"170\">Podmiot3<\/p>\n<p>Dane identyfikacyjne<\/td>\n<td width=\"233\">NIP<\/td>\n<td width=\"201\">8992317708<\/td>\n<\/tr>\n<tr>\n<td width=\"233\">Nazwa<\/td>\n<td width=\"201\">Przedszkole Nr 108<\/td>\n<\/tr>\n<tr>\n<td rowspan=\"2\" width=\"170\">Podmiot3<\/p>\n<p>Adres<\/td>\n<td width=\"233\">Kod Kraju<\/td>\n<td width=\"201\">PL<\/td>\n<\/tr>\n<tr>\n<td width=\"233\">Adres<\/td>\n<td width=\"201\">53-312 Wroc\u0142aw,&nbsp;&nbsp;&nbsp;&nbsp;&nbsp;&nbsp;&nbsp;&nbsp;&nbsp;&nbsp;&nbsp;&nbsp;&nbsp;&nbsp;&nbsp;&nbsp;&nbsp;&nbsp;&nbsp;&nbsp;&nbsp;&nbsp;&nbsp;&nbsp;&nbsp;&nbsp;&nbsp;&nbsp;&nbsp;&nbsp; ul. Drukarska 8a<\/td>\n<\/tr>\n<tr>\n<td width=\"170\">Podmiot3<\/td>\n<td width=\"233\"><strong>Rola<\/strong><\/td>\n<td width=\"201\"><strong>8-JST odbiorca<\/strong><\/td>\n<\/tr>\n<\/tbody>\n<\/table>\n<p>Uwagi:<\/p>\n<ol>\n<li>W polach NIP\/nazwa\/adres znajduj\u0105 si\u0119 dane jednostki organizacyjnej, na rzecz kt\u00f3rej wystawiana jest faktura&nbsp;<\/li>\n<li>w polu \u201eRola\u201d prosz\u0119 poda\u0107 8-JST odbiorca.<\/li>\n<\/ol>\n<p>[\/vc_column_text][\/vc_column][\/vc_row][vc_row][vc_column][vc_column_text css=&#8221;&#8221;]<a href=\"https:\/\/przedszkole108.edu.wroclaw.pl\/wp-content\/uploads\/sites\/35\/2026\/02\/Wystawianie-Faktur-Zakupowych-Jednostki-pdf-134-KB.pdf\">Wystawianie Faktur Zakupowych Jednostki (pdf 134 KB)<\/a>[\/vc_column_text][\/vc_column][\/vc_row]<\/p>\n<\/div>","protected":false},"excerpt":{"rendered":"<p>[vc_row][vc_column][vc_column_text css=&#8221;&#8221;] Spos\u00f3b wystawiania w KSeF faktur zakupowych dla jednostek organizacyjnych Gminy Wroc\u0142aw Pola dotycz\u0105ce Podmiot2 (Nabywca) Podmiot2 Dane identyfikacyjne NIP 8971383551 Nazwa Gmina Wroc\u0142aw Podmiot2 Adres Kod Kraju PL [&hellip;]<\/p>\n","protected":false},"author":72,"featured_media":0,"parent":23,"menu_order":0,"comment_status":"closed","ping_status":"closed","template":"","meta":{"ngg_post_thumbnail":0,"footnotes":""},"class_list":["post-9817","page","type-page","status-publish","hentry","clearfix"],"_links":{"self":[{"href":"https:\/\/przedszkole108.edu.wroclaw.pl\/index.php\/wp-json\/wp\/v2\/pages\/9817","targetHints":{"allow":["GET"]}}],"collection":[{"href":"https:\/\/przedszkole108.edu.wroclaw.pl\/index.php\/wp-json\/wp\/v2\/pages"}],"about":[{"href":"https:\/\/przedszkole108.edu.wroclaw.pl\/index.php\/wp-json\/wp\/v2\/types\/page"}],"author":[{"embeddable":true,"href":"https:\/\/przedszkole108.edu.wroclaw.pl\/index.php\/wp-json\/wp\/v2\/users\/72"}],"replies":[{"embeddable":true,"href":"https:\/\/przedszkole108.edu.wroclaw.pl\/index.php\/wp-json\/wp\/v2\/comments?post=9817"}],"version-history":[{"count":6,"href":"https:\/\/przedszkole108.edu.wroclaw.pl\/index.php\/wp-json\/wp\/v2\/pages\/9817\/revisions"}],"predecessor-version":[{"id":9824,"href":"https:\/\/przedszkole108.edu.wroclaw.pl\/index.php\/wp-json\/wp\/v2\/pages\/9817\/revisions\/9824"}],"up":[{"embeddable":true,"href":"https:\/\/przedszkole108.edu.wroclaw.pl\/index.php\/wp-json\/wp\/v2\/pages\/23"}],"wp:attachment":[{"href":"https:\/\/przedszkole108.edu.wroclaw.pl\/index.php\/wp-json\/wp\/v2\/media?parent=9817"}],"curies":[{"name":"wp","href":"https:\/\/api.w.org\/{rel}","templated":true}]}}