
{"id":67,"date":"2018-05-21T12:53:20","date_gmt":"2018-05-21T10:53:20","guid":{"rendered":"https:\/\/przedszkole108.edu.wroclaw.pl\/?page_id=67"},"modified":"2026-02-28T23:01:15","modified_gmt":"2026-02-28T22:01:15","slug":"rekrutacja","status":"publish","type":"page","link":"https:\/\/przedszkole108.edu.wroclaw.pl\/index.php\/rekrutacja\/","title":{"rendered":"Rekrutacja"},"content":{"rendered":"<div class=\"wpb-content-wrapper\"><p>[vc_row][vc_column][vc_column_text css=&#8221;&#8221;]<\/p>\n<p>&nbsp;<\/p>\n<div style=\"width: 640px;\" class=\"wp-video\"><video class=\"wp-video-shortcode\" id=\"video-67-1\" width=\"640\" height=\"368\" preload=\"metadata\" controls=\"controls\"><source type=\"video\/mp4\" src=\"https:\/\/przedszkole108.edu.wroclaw.pl\/wp-content\/uploads\/sites\/35\/2026\/02\/f0740979-3621-4613-aba8-466786a9244f.mp4?_=1\" \/><a href=\"https:\/\/przedszkole108.edu.wroclaw.pl\/wp-content\/uploads\/sites\/35\/2026\/02\/f0740979-3621-4613-aba8-466786a9244f.mp4\">https:\/\/przedszkole108.edu.wroclaw.pl\/wp-content\/uploads\/sites\/35\/2026\/02\/f0740979-3621-4613-aba8-466786a9244f.mp4<\/a><\/video><\/div>\n<p><a href=\"https:\/\/przedszkole108.edu.wroclaw.pl\/wp-content\/uploads\/sites\/35\/2026\/02\/BIULETYN-INFORMACYJNY.pdf\">BIULETYN INFORMACYJNY<\/a><\/p>\n<p><a href=\"https:\/\/przedszkole108.edu.wroclaw.pl\/wp-content\/uploads\/sites\/35\/2026\/02\/DOCHOD.docx\">DOCH\u00d3D<\/a><\/p>\n<p><a href=\"https:\/\/przedszkole108.edu.wroclaw.pl\/wp-content\/uploads\/sites\/35\/2026\/02\/DZIECI-O-SPECJALNYCH-POTRZEBACH.docx\">DZIECI O SPECJALNYCH POTRZEBACH<\/a><\/p>\n<p><a href=\"https:\/\/przedszkole108.edu.wroclaw.pl\/wp-content\/uploads\/sites\/35\/2026\/02\/HARMONOGRAM-DLA-RODZICOW-ETAP-PODSTAWOWY.docx\">HARMONOGRAM DLA RODZIC\u00d3W<\/a><\/p>\n<p><a href=\"https:\/\/przedszkole108.edu.wroclaw.pl\/wp-content\/uploads\/sites\/35\/2026\/02\/HARMONOGRAM-DLA-RODZICOW-ETAP-PODSTAWOWY.docx\"> &#8211; ETAP PODSTAWOWY<\/a><a href=\"https:\/\/przedszkole108.edu.wroclaw.pl\/wp-content\/uploads\/sites\/35\/2026\/02\/HARMONOGRAM-DLA-RODZICOW-ETAP-UZUPELNIAJACY.docx\">HARMONOGRAM DLA RODZIC\u00d3W<\/a><\/p>\n<p><a href=\"https:\/\/przedszkole108.edu.wroclaw.pl\/wp-content\/uploads\/sites\/35\/2026\/02\/HARMONOGRAM-DLA-RODZICOW-ETAP-UZUPELNIAJACY.docx\"> &#8211; ETAP UZUPE\u0141NIAJ\u0104CY<\/a><\/p>\n<p><a href=\"https:\/\/przedszkole108.edu.wroclaw.pl\/wp-content\/uploads\/sites\/35\/2026\/02\/INFORMACJE-OGOLNE.docx\">INFORMACJE OG\u00d3LNE<\/a><\/p>\n<p><a href=\"https:\/\/przedszkole108.edu.wroclaw.pl\/wp-content\/uploads\/sites\/35\/2026\/02\/KOMUNIKAT.docx\">KOMUNIKAT <\/a><\/p>\n<p><a href=\"https:\/\/przedszkole108.edu.wroclaw.pl\/wp-content\/uploads\/sites\/35\/2026\/02\/KONTYNUACJA.docx\">KONTYNUACJA<\/a><\/p>\n<p><a href=\"https:\/\/przedszkole108.edu.wroclaw.pl\/wp-content\/uploads\/sites\/35\/2026\/02\/KRYTERIA-.docx\">KRYTERIA<\/a><a href=\"https:\/\/przedszkole108.edu.wroclaw.pl\/wp-content\/uploads\/sites\/35\/2026\/02\/ODWOLANIA.docx\">ODWO\u0141ANIA<\/a><\/p>\n<p><a href=\"https:\/\/przedszkole108.edu.wroclaw.pl\/wp-content\/uploads\/sites\/35\/2026\/02\/PODSTAWY-PRAWNE.docx\">PODSTAWY PRAWNE<\/a><\/p>\n<p><a href=\"https:\/\/przedszkole108.edu.wroclaw.pl\/wp-content\/uploads\/sites\/35\/2026\/02\/SAMOTNE-WYCHOWANIE.docx\">SAMOTNE WYCHOWANIE<\/a><\/p>\n<p><a href=\"https:\/\/przedszkole108.edu.wroclaw.pl\/wp-content\/uploads\/sites\/35\/2026\/02\/UDZIAL-W-REKRUTACJI.docx\">UDZIA\u0141 W REKRUTACJI<\/a><\/p>\n<p><a href=\"https:\/\/przedszkole108.edu.wroclaw.pl\/wp-content\/uploads\/sites\/35\/2026\/02\/WSPARCIE-TECHNICZNE.docx\">WSPARCIE TECHNICZNE<\/a><\/p>\n<p>&nbsp;<\/p>\n<p>[\/vc_column_text][\/vc_column][\/vc_row]<\/p>\n<\/div>","protected":false},"excerpt":{"rendered":"<p>[vc_row][vc_column][vc_column_text css=&#8221;&#8221;] &nbsp; BIULETYN INFORMACYJNY DOCH\u00d3D DZIECI O SPECJALNYCH POTRZEBACH HARMONOGRAM DLA RODZIC\u00d3W &#8211; ETAP PODSTAWOWYHARMONOGRAM DLA RODZIC\u00d3W &#8211; ETAP UZUPE\u0141NIAJ\u0104CY INFORMACJE OG\u00d3LNE KOMUNIKAT KONTYNUACJA KRYTERIAODWO\u0141ANIA PODSTAWY PRAWNE SAMOTNE WYCHOWANIE [&hellip;]<\/p>\n","protected":false},"author":72,"featured_media":0,"parent":0,"menu_order":0,"comment_status":"closed","ping_status":"closed","template":"","meta":{"ngg_post_thumbnail":0,"footnotes":""},"class_list":["post-67","page","type-page","status-publish","hentry","clearfix"],"_links":{"self":[{"href":"https:\/\/przedszkole108.edu.wroclaw.pl\/index.php\/wp-json\/wp\/v2\/pages\/67","targetHints":{"allow":["GET"]}}],"collection":[{"href":"https:\/\/przedszkole108.edu.wroclaw.pl\/index.php\/wp-json\/wp\/v2\/pages"}],"about":[{"href":"https:\/\/przedszkole108.edu.wroclaw.pl\/index.php\/wp-json\/wp\/v2\/types\/page"}],"author":[{"embeddable":true,"href":"https:\/\/przedszkole108.edu.wroclaw.pl\/index.php\/wp-json\/wp\/v2\/users\/72"}],"replies":[{"embeddable":true,"href":"https:\/\/przedszkole108.edu.wroclaw.pl\/index.php\/wp-json\/wp\/v2\/comments?post=67"}],"version-history":[{"count":44,"href":"https:\/\/przedszkole108.edu.wroclaw.pl\/index.php\/wp-json\/wp\/v2\/pages\/67\/revisions"}],"predecessor-version":[{"id":9918,"href":"https:\/\/przedszkole108.edu.wroclaw.pl\/index.php\/wp-json\/wp\/v2\/pages\/67\/revisions\/9918"}],"wp:attachment":[{"href":"https:\/\/przedszkole108.edu.wroclaw.pl\/index.php\/wp-json\/wp\/v2\/media?parent=67"}],"curies":[{"name":"wp","href":"https:\/\/api.w.org\/{rel}","templated":true}]}}