
{"id":6498,"date":"2023-03-31T09:09:58","date_gmt":"2023-03-31T07:09:58","guid":{"rendered":"https:\/\/przedszkole108.edu.wroclaw.pl\/?page_id=6498"},"modified":"2023-03-31T09:09:58","modified_gmt":"2023-03-31T07:09:58","slug":"deklaracja-dostepnosci-2","status":"publish","type":"page","link":"https:\/\/przedszkole108.edu.wroclaw.pl\/index.php\/deklaracja-dostepnosci-2\/","title":{"rendered":"Deklaracja dost\u0119pno\u015bci"},"content":{"rendered":"<p style=\"text-align: center;\"><strong><span id=\"a11y-wstep\">O\u015aWIADCZENIE W SPRAWIE DOST\u0118PNO\u015aCI SERWISU INTERNETOWEGO<\/span><\/strong><\/p>\n<p style=\"text-align: center;\"><strong>PRZEDSZKOLA 108 WE WROC\u0141AWIU<\/strong><\/p>\n<p style=\"text-align: center;\"><a id=\"\u201da11y-url\u201d\" href=\"http:\/\/www.przedszkole108.edu.wroclaw.pl\"><strong>www.przedszkole108.edu.wroclaw.pl<\/strong><\/a><\/p>\n<p><strong>&nbsp;<\/strong><\/p>\n<p><strong><span id=\"a11y-podmiot\">Przedszkole 108 we Wroc\u0142awiu<\/span><\/strong> zobowi\u0105zuje si\u0119 zapewni\u0107 dost\u0119pno\u015b\u0107 swoich stron internetowych oraz aplikacji mobilnych zgodnie z Ustaw\u0105 z dnia 4 kwietnia 2019 r. o dost\u0119pno\u015bci cyfrowej stron internetowych i aplikacji mobilnych podmiot\u00f3w publicznych.<\/p>\n<p><strong><span id=\"a11y-status\">Status pod wzgl\u0119dem zgodno\u015bci <\/span><\/strong><\/p>\n<p>Strona internetowa jest <strong>cz\u0119\u015bciowo zgodna<\/strong> z ustaw\u0105 z dnia 4 kwietnia 2019 r. o dost\u0119pno\u015bci cyfrowej stron internetowych i aplikacji mobilnych podmiot\u00f3w publicznych z powodu niezgodno\u015bci lub wy\u0142\u0105cze\u0144 wymienionych poni\u017cej.<\/p>\n<p><strong>Tre\u015bci niedost\u0119pne:<\/strong><\/p>\n<ul>\n<li>brak cz\u0119\u015bci opis\u00f3w alternatywnych i tytu\u0142\u00f3w dla cz\u0119\u015bci zdj\u0119\u0107 i obrazk\u00f3w,<\/li>\n<li>cz\u0119\u015b\u0107 dokument\u00f3w PDF posiada b\u0142\u0119dy w warstwie tekstowej (po skanowaniu\/OCR),<\/li>\n<li>dokumenty PDF nie s\u0105 poprawnie odczytywane przez programy dla os\u00f3b niewidz\u0105cych (np. nieprawid\u0142owo przygotowane tabele, wykresy, obrazki, brak sekcji nawigacyjnych, tytu\u0142u itp.),<\/li>\n<li>brak audio deskrypcji dla materia\u0142\u00f3w multimedialnych.<\/li>\n<\/ul>\n<p><strong>Wy\u0142\u0105czenia:<\/strong><\/p>\n<ul>\n<li>zdj\u0119cia, obrazki oraz pliki PDF zosta\u0142y opublikowane przed wej\u015bciem w \u017cycie ustawy o dost\u0119pno\u015bci cyfrowej, poprawienie dost\u0119pno\u015bci strony nios\u0142oby za sob\u0105 nadmierne obci\u0105\u017cenia dla podmiotu publicznego,<\/li>\n<li>mapy s\u0105 wy\u0142\u0105czone z obowi\u0105zku zapewniania dost\u0119pno\u015bci.<\/li>\n<\/ul>\n<p><strong>Przygotowanie o\u015bwiadczenia w sprawie dost\u0119pno\u015bci <\/strong><\/p>\n<p><span id=\"a11y-data-sporzadzenie\">Niniejsze o\u015bwiadczenie sporz\u0105dzono dnia <strong>30.03.2023r.<\/strong><\/span><\/p>\n<p>O\u015bwiadczenie zosta\u0142o ostatnio poddane przegl\u0105dowi w dniu <strong>30.03.2023r.<\/strong><\/p>\n<p>&nbsp;<\/p>\n<p><strong>Informacja o sposobie dokonania oceny<\/strong><\/p>\n<p>Ocena zosta\u0142a przeprowadzona zgodnie z list\u0105 kontroln\u0105 WCAG na podstawie samooceny dokonanej przez organ sektora publicznego zgodnie z wytycznymi zawartymi w Podr\u0119czniku Dobrych Praktyk \u2013 WCAG <a href=\"http:\/\/widzialni.org\/\">Fundacji Widzialni<\/a>, oraz narz\u0119dzia weryfikuj\u0105cego zawartego na stronie <a href=\"https:\/\/checkers.eiii.eu\/\">http:\/\/checkers.eiii.eu<\/a>, w kt\u00f3rym po analizie uzyskano wynik pozytywny.<\/p>\n<p>&nbsp;<\/p>\n<p><strong>Skr\u00f3ty klawiszowe<\/strong><\/p>\n<p>Domy\u015ble skr\u00f3ty klawiszowe przegl\u0105darek internetowych.<\/p>\n<p><strong>Dost\u0119pno\u015b\u0107 architektoniczna siedziby <\/strong><\/p>\n<p>Siedziba Przedszkola nr 108 &nbsp;we Wroc\u0142awiu mieszcz\u0105ca si\u0119 przy ulicy Drukarskiej 8a we&nbsp;Wroc\u0142awiu jest cz\u0119\u015bciowo przystosowana dla os\u00f3b niepe\u0142nosprawnych.<\/p>\n<p>Wej\u015bcie do przedszkola przez bramk\u0119 od strony ul. Drukarskiej (w \u015brodku osiedla). Do drzwi przedszkola prowadz\u0105 schody. W przypadku braku mo\u017cliwo\u015bci wej\u015bcia po schodach, prosz\u0119 o kontakt telefoniczny z sekretariatem tel. 717986753 pomoc asystenta os\u00f3b z niepe\u0142nosprawno\u015bciami p. Ilona B. lub Elvira P. Wej\u015bcie g\u0142\u00f3wne do przedszkola prowadzi przez dwoje drzwi. Po lewej stronie drzwi znajduje si\u0119 domofon na wysoko\u015bci dostosowanej do os\u00f3b z niepe\u0142nosprawno\u015bci\u0105.<\/p>\n<p>Budynek dwukondygnacyjny bez windy i bez podjazdu dla os\u00f3b z niepe\u0142nosprawno\u015bciami. Brak miejsc parkingowych dla os\u00f3b z niepe\u0142nosprawno\u015bciami.<\/p>\n<p>Do przedszkola mo\u017cliwe jest doj\u015bcie piesze (przeszkody p\u0142ot, bramka) oraz dojazd samochodem miejsca parkingowe przy pobliskiej ulicy Drukarskiej, Komandorskiej lub Wielkiej . Najbli\u017csze przystanki autobusowe&nbsp; 125 ul. Wielka, 133, 134, 124- ul. Kamienna. Tramwaje: 2,6,7,17,70 przy ul Powsta\u0144c\u00f3w \u015al\u0105skich.<\/p>\n<p><strong>Dost\u0119pno\u015b\u0107 t\u0142umacza j\u0119zyka migowego<\/strong><br \/>\nBrak t\u0142umacza j\u0119zyka migowego.<\/p>\n<p id=\"a11y-kontakt\"><strong>Informacje zwrotne i dane kontaktowe <\/strong><\/p>\n<p>Przedszkole Nr 108 dok\u0142ada wszelkich stara\u0144, aby u\u017cytkownicy serwisu internetowego <a id=\"\u201da11y-url\u201d\" href=\"http:\/\/www.przedszkole108.edu.wroclaw.pl\">www.przedszkole108.edu.wroclaw.pl<\/a> mieli pe\u0142ny dost\u0119p do jego tre\u015bci, mogli te tre\u015bci zrozumie\u0107 oraz aby wygodna nawigacja umo\u017cliwia\u0142a logiczne i intuicyjne korzystanie z serwisu. Staramy si\u0119 na bie\u017c\u0105co usuwa\u0107 stwierdzone bariery dost\u0119pno\u015bci strony internetowej <a id=\"\u201da11y-url\u201d\" href=\"http:\/\/www.przedszkole108.edu.wroclaw.pl\">www.przedszkole108.edu.wroclaw.pl<\/a><\/p>\n<p>Je\u015bli stwierdzisz, \u017ce serwis <a id=\"\u201da11y-url\u201d\" href=\"http:\/\/www.przedszkole108.edu.wroclaw.pl\">www.przedszkole108.edu.wroclaw.pl<\/a> nie jest dla Ciebie w pe\u0142ni dost\u0119pny, prosimy skontaktuj si\u0119 z nami telefonicznie lub mailowo:<br \/>\n<strong>Przedszkole Nr 108; ul. Drukarska 8a; 53-312 Wroc\u0142aw;<\/strong><\/p>\n<p id=\"a11y-telefon\">Tel: 71 798 67 53<\/p>\n<p>&nbsp;<\/p>\n<p id=\"a11y-email\">e-mail: sekretariat.p108@wroclawskaedukacja.pl<\/p>\n<p>lub<br \/>\nbezpo\u015brednio z osobami wyznaczonymi do realizacji spraw w zakresie dost\u0119pno\u015bci cyfrowej:<\/p>\n<p id=\"a11y-osoba\"><strong>Dorota Golisz lub Monika Petryk<\/strong><\/p>\n<p>&nbsp;<\/p>\n<p id=\"a11y-telefon\">tel. 71 798 67 53;<\/p>\n<p id=\"a11y-email\"><strong>e-mail: sekretariat.p108@wroclawskaedukacja.pl<\/strong><\/p>\n<p><strong>Post\u0119powanie odwo\u0142awcze<\/strong><\/p>\n<p id=\"a11y-procedura\">Rozpatrzenie zg\u0142oszenia powinno nast\u0105pi\u0107 niezw\u0142ocznie, najp\u00f3\u017aniej w ci\u0105gu 7 dni. Je\u015bli w tym terminie zapewnienie dost\u0119pno\u015bci albo zapewnienie dost\u0119pu w alternatywnej formie nie jest mo\u017cliwe, podmiot niezw\u0142ocznie informuje o tym wnosz\u0105cego \u017c\u0105danie , kiedy realizacja \u017c\u0105dania b\u0119dzie mo\u017cliwa, przy czym termin ten nie mo\u017ce by\u0107 d\u0142u\u017cszy ni\u017c 2 miesi\u0105ce od daty wyst\u0105pienia zg\u0142oszenia.<\/p>\n<p>Je\u017celi zapewnienie dost\u0119pno\u015bci cyfrowej nie jest mo\u017cliwe, podmiot publiczny mo\u017ce zaproponowa\u0107 alternatywny spos\u00f3b dost\u0119pu do informacji. W przypadku, gdy podmiot publiczny odm\u00f3wi realizacji \u017c\u0105dania zapewnienia dost\u0119pno\u015bci lub alternatywnego sposobu dost\u0119pu do informacji, wnosz\u0105cy \u017c\u0105danie mo\u017cne z\u0142o\u017cy\u0107 skarg\u0119 w sprawie zapewniana dost\u0119pno\u015bci cyfrowej strony internetowej, aplikacji mobilnej lub elementu strony internetowej, lub aplikacji mobilnej.<\/p>\n<p>Po wyczerpaniu wskazanej wy\u017cej procedury mo\u017cna tak\u017ce z\u0142o\u017cy\u0107 wniosek do Rzecznika Praw Obywatelskich. <a href=\"http:\/\/www.rpo.gov.pl\/content\/kontakt\">www.rpo.gov.pl\/content\/kontakt<\/a><\/p>\n<p><strong><span id=\"a11y-data-publikacja\">Data publikacji witryny: 16.05.2018 r. <\/span><\/strong><\/p>\n<p><strong><span id=\"a11y-data-akutalizacja\">Data ostatniej aktualizacji: 18.09.2020 r. <\/span><\/strong><\/p>\n<p>&nbsp;<\/p>\n<p><strong>Przydatne linki<\/strong><\/p>\n<ul>\n<li><a href=\"http:\/\/wcag21.fdc.org.pl\/\"><strong>Web Content Accessibility Guidelines 2.1<\/strong><\/a><\/li>\n<li><a href=\"http:\/\/www.fdc.org.pl\/wcag2\/\"><strong>Polskie t\u0142umaczenie WCAG<\/strong><\/a><\/li>\n<li><a href=\"https:\/\/www.rpo.gov.pl\/\"><strong>Rzecznik Praw Obywatelskich<\/strong><\/a><\/li>\n<\/ul>\n","protected":false},"excerpt":{"rendered":"<p>O\u015aWIADCZENIE W SPRAWIE DOST\u0118PNO\u015aCI SERWISU INTERNETOWEGO PRZEDSZKOLA 108 WE WROC\u0141AWIU www.przedszkole108.edu.wroclaw.pl &nbsp; Przedszkole 108 we Wroc\u0142awiu zobowi\u0105zuje si\u0119 zapewni\u0107 dost\u0119pno\u015b\u0107 swoich stron internetowych oraz aplikacji mobilnych zgodnie z Ustaw\u0105 z [&hellip;]<\/p>\n","protected":false},"author":72,"featured_media":0,"parent":0,"menu_order":0,"comment_status":"closed","ping_status":"closed","template":"","meta":{"ngg_post_thumbnail":0,"footnotes":""},"class_list":["post-6498","page","type-page","status-publish","hentry","clearfix"],"_links":{"self":[{"href":"https:\/\/przedszkole108.edu.wroclaw.pl\/index.php\/wp-json\/wp\/v2\/pages\/6498","targetHints":{"allow":["GET"]}}],"collection":[{"href":"https:\/\/przedszkole108.edu.wroclaw.pl\/index.php\/wp-json\/wp\/v2\/pages"}],"about":[{"href":"https:\/\/przedszkole108.edu.wroclaw.pl\/index.php\/wp-json\/wp\/v2\/types\/page"}],"author":[{"embeddable":true,"href":"https:\/\/przedszkole108.edu.wroclaw.pl\/index.php\/wp-json\/wp\/v2\/users\/72"}],"replies":[{"embeddable":true,"href":"https:\/\/przedszkole108.edu.wroclaw.pl\/index.php\/wp-json\/wp\/v2\/comments?post=6498"}],"version-history":[{"count":1,"href":"https:\/\/przedszkole108.edu.wroclaw.pl\/index.php\/wp-json\/wp\/v2\/pages\/6498\/revisions"}],"predecessor-version":[{"id":6499,"href":"https:\/\/przedszkole108.edu.wroclaw.pl\/index.php\/wp-json\/wp\/v2\/pages\/6498\/revisions\/6499"}],"wp:attachment":[{"href":"https:\/\/przedszkole108.edu.wroclaw.pl\/index.php\/wp-json\/wp\/v2\/media?parent=6498"}],"curies":[{"name":"wp","href":"https:\/\/api.w.org\/{rel}","templated":true}]}}