
{"id":4994,"date":"2021-04-23T11:04:04","date_gmt":"2021-04-23T09:04:04","guid":{"rendered":"https:\/\/przedszkole108.edu.wroclaw.pl\/?page_id=4994"},"modified":"2026-02-28T19:57:01","modified_gmt":"2026-02-28T18:57:01","slug":"nasze-osiagniecia","status":"publish","type":"page","link":"https:\/\/przedszkole108.edu.wroclaw.pl\/index.php\/nasze-osiagniecia\/","title":{"rendered":"Nasze osi\u0105gni\u0119cia"},"content":{"rendered":"<div class=\"wpb-content-wrapper\"><p>[vc_row][vc_column][vc_column_text css=&#8221;&#8221;]<\/p>\n<p><span style=\"font-size: 14pt\"><a href=\"https:\/\/przedszkole108.edu.wroclaw.pl\/wp-content\/uploads\/sites\/35\/2023\/07\/PLACOWKA-WSPIERAJACA-ZYCIE-PSZCZOL.pdf\"><img loading=\"lazy\" decoding=\"async\" class=\"alignnone size-medium wp-image-9829\" src=\"https:\/\/przedszkole108.edu.wroclaw.pl\/wp-content\/uploads\/sites\/35\/2026\/02\/39636b02-1fc3-421a-9942-24ed0ec4cd23-300x213.jpg\" alt=\"\" width=\"300\" height=\"213\" srcset=\"https:\/\/przedszkole108.edu.wroclaw.pl\/wp-content\/uploads\/sites\/35\/2026\/02\/39636b02-1fc3-421a-9942-24ed0ec4cd23-300x213.jpg 300w, https:\/\/przedszkole108.edu.wroclaw.pl\/wp-content\/uploads\/sites\/35\/2026\/02\/39636b02-1fc3-421a-9942-24ed0ec4cd23-1024x726.jpg 1024w, https:\/\/przedszkole108.edu.wroclaw.pl\/wp-content\/uploads\/sites\/35\/2026\/02\/39636b02-1fc3-421a-9942-24ed0ec4cd23-768x545.jpg 768w, https:\/\/przedszkole108.edu.wroclaw.pl\/wp-content\/uploads\/sites\/35\/2026\/02\/39636b02-1fc3-421a-9942-24ed0ec4cd23-1536x1089.jpg 1536w, https:\/\/przedszkole108.edu.wroclaw.pl\/wp-content\/uploads\/sites\/35\/2026\/02\/39636b02-1fc3-421a-9942-24ed0ec4cd23.jpg 2048w\" sizes=\"auto, (max-width: 300px) 100vw, 300px\" \/><\/a><\/span><\/p>\n<p><span style=\"font-size: 14pt\"><a href=\"https:\/\/przedszkole108.edu.wroclaw.pl\/wp-content\/uploads\/sites\/35\/2023\/07\/PLACOWKA-WSPIERAJACA-ZYCIE-PSZCZOL.pdf\">Plac\u00f3wka wspieraj\u0105ca \u017cycie pszcz\u00f3\u0142 [pdf 87KB]<\/a><\/span><\/p>\n<p><span style=\"font-size: 14pt\"><a href=\"https:\/\/przedszkole108.edu.wroclaw.pl\/wp-content\/uploads\/sites\/35\/2023\/05\/certyfikat-1-przedszkole-nr-108-we-wroclawiu.pdf\">Certyfikat &#8211; Ekokulturalne przedszkole: Zielona sala [pdf 6MB]<\/a><\/span><\/p>\n<p><span style=\"font-size: 14pt\"><a href=\"https:\/\/przedszkole108.edu.wroclaw.pl\/wp-content\/uploads\/sites\/35\/2023\/05\/certyfikat-2-przedszkole-nr-108-we-wroclawiu.pdf\">Certyfikat &#8211; Ekokulturalne przedszkole: K\u0105cik makulatury [pdf 7MB]<\/a><\/span><\/p>\n<p><span style=\"font-size: 14pt\"><a href=\"https:\/\/przedszkole108.edu.wroclaw.pl\/wp-content\/uploads\/sites\/35\/2023\/05\/certyfikat-3-przedszkole-nr-108-we-wroclawiu.pdf\">Certyfikat &#8211; Ekokulturalne przedszkole: Hotel dla owad\u00f3w [pdf 6MB]<\/a><\/span><\/p>\n<p><span style=\"font-size: 14pt\"><a href=\"https:\/\/przedszkole108.edu.wroclaw.pl\/wp-content\/uploads\/sites\/35\/2023\/05\/certyfikat-4-przedszkole-nr-108-we-wroclawiu-1.pdf\">Certyfikat &#8211; Ekokulturalne przedszkole: Ptasi bar [pdf 6MB]<\/a><\/span><\/p>\n<p><span style=\"font-size: 14pt\"><a href=\"https:\/\/przedszkole108.edu.wroclaw.pl\/wp-content\/uploads\/sites\/35\/2023\/05\/certyfikat-5-przedszkole-nr-108-we-wroclawiu.pdf\">Certyfikat &#8211; Ekokulturalne przedszkole: Po\u017ceracz zakr\u0119tek [pdf 5MB]<\/a><\/span><\/p>\n<p><span style=\"font-size: 14pt\"><a href=\"https:\/\/przedszkole108.edu.wroclaw.pl\/wp-content\/uploads\/sites\/35\/2023\/05\/certyfikat-6-przedszkole-nr-108-we-wroclawiu.pdf\">Certyfikat &#8211; Ekokulturalne przedszkole: Drugie \u017cycie zimowych ubra\u0144 [pdf 4MB]<\/a><\/span><\/p>\n<p><span style=\"font-size: 14pt\"><a href=\"https:\/\/przedszkole108.edu.wroclaw.pl\/wp-content\/uploads\/sites\/35\/2021\/06\/Podziekowanie-.pdf\">Podzi\u0119kowanie &#8211; Curia Metropolitana Leopoliensis [pdf 228KB]<\/a><\/span>[\/vc_column_text][\/vc_column][\/vc_row]<\/p>\n<\/div>","protected":false},"excerpt":{"rendered":"<p>[vc_row][vc_column][vc_column_text css=&#8221;&#8221;] Plac\u00f3wka wspieraj\u0105ca \u017cycie pszcz\u00f3\u0142 [pdf 87KB] Certyfikat &#8211; Ekokulturalne przedszkole: Zielona sala [pdf 6MB] Certyfikat &#8211; Ekokulturalne przedszkole: K\u0105cik makulatury [pdf 7MB] Certyfikat &#8211; Ekokulturalne przedszkole: Hotel dla [&hellip;]<\/p>\n","protected":false},"author":72,"featured_media":5383,"parent":0,"menu_order":0,"comment_status":"closed","ping_status":"closed","template":"","meta":{"ngg_post_thumbnail":0,"footnotes":""},"class_list":["post-4994","page","type-page","status-publish","has-post-thumbnail","hentry","clearfix"],"_links":{"self":[{"href":"https:\/\/przedszkole108.edu.wroclaw.pl\/index.php\/wp-json\/wp\/v2\/pages\/4994","targetHints":{"allow":["GET"]}}],"collection":[{"href":"https:\/\/przedszkole108.edu.wroclaw.pl\/index.php\/wp-json\/wp\/v2\/pages"}],"about":[{"href":"https:\/\/przedszkole108.edu.wroclaw.pl\/index.php\/wp-json\/wp\/v2\/types\/page"}],"author":[{"embeddable":true,"href":"https:\/\/przedszkole108.edu.wroclaw.pl\/index.php\/wp-json\/wp\/v2\/users\/72"}],"replies":[{"embeddable":true,"href":"https:\/\/przedszkole108.edu.wroclaw.pl\/index.php\/wp-json\/wp\/v2\/comments?post=4994"}],"version-history":[{"count":7,"href":"https:\/\/przedszkole108.edu.wroclaw.pl\/index.php\/wp-json\/wp\/v2\/pages\/4994\/revisions"}],"predecessor-version":[{"id":9830,"href":"https:\/\/przedszkole108.edu.wroclaw.pl\/index.php\/wp-json\/wp\/v2\/pages\/4994\/revisions\/9830"}],"wp:featuredmedia":[{"embeddable":true,"href":"https:\/\/przedszkole108.edu.wroclaw.pl\/index.php\/wp-json\/wp\/v2\/media\/5383"}],"wp:attachment":[{"href":"https:\/\/przedszkole108.edu.wroclaw.pl\/index.php\/wp-json\/wp\/v2\/media?parent=4994"}],"curies":[{"name":"wp","href":"https:\/\/api.w.org\/{rel}","templated":true}]}}