
{"id":116,"date":"2018-05-23T14:36:09","date_gmt":"2018-05-23T12:36:09","guid":{"rendered":"https:\/\/przedszkole108.edu.wroclaw.pl\/?page_id=116"},"modified":"2024-09-11T18:33:26","modified_gmt":"2024-09-11T16:33:26","slug":"wspolpraca-z-rodzicami","status":"publish","type":"page","link":"https:\/\/przedszkole108.edu.wroclaw.pl\/index.php\/wspolpraca-z-rodzicami\/","title":{"rendered":"Wsp\u00f3\u0142praca z rodzicami"},"content":{"rendered":"<div class=\"wpb-content-wrapper\"><p>[vc_row][vc_column][vc_column_text css_animation=&#8221;flipInX&#8221; css=&#8221;&#8221;]<span style=\"font-size: 16pt\"><a href=\"https:\/\/przedszkole108.edu.wroclaw.pl\/wp-content\/uploads\/sites\/35\/2024\/09\/Szkola-Dla-Rodzicow-2024_25.odt\">Szko\u0142a Dla Rodzic\u00f3w 2024_25<\/a><\/span><\/p>\n<p><span style=\"font-size: 16pt\"><a href=\"https:\/\/przedszkole108.edu.wroclaw.pl\/wp-content\/uploads\/sites\/35\/2022\/04\/Procedura-wspolpracy-z-Rodzicami-dzieci-uczeszczajacych-do-Przedszkola-108-we-Wroclawiu.pdf\">Procedura wsp\u00f3\u0142pracy z Rodzicami dzieci ucz\u0119szczaj\u0105cych do Przedszkola 108 we Wroc\u0142awiu [pdf 369KB]<\/a><\/span><\/p>\n<p><span style=\"font-size: 16pt\"><a href=\"https:\/\/przedszkole108.edu.wroclaw.pl\/wp-content\/uploads\/sites\/35\/2022\/04\/SYSTEM-BADANIA-ROZWOJU-DZIECI.pdf\">System badania rozwoju dzieci [pdf 387KB]<\/a><\/span>[\/vc_column_text][vc_column_text css_animation=&#8221;flipInX&#8221;][\/vc_column_text][\/vc_column][\/vc_row][vc_row][vc_column][vc_empty_space height=&#8221;128px&#8221;][\/vc_column][\/vc_row]<\/p>\n<\/div>","protected":false},"excerpt":{"rendered":"<p>[vc_row][vc_column][vc_column_text css_animation=&#8221;flipInX&#8221; css=&#8221;&#8221;]Szko\u0142a Dla Rodzic\u00f3w 2024_25 Procedura wsp\u00f3\u0142pracy z Rodzicami dzieci ucz\u0119szczaj\u0105cych do Przedszkola 108 we Wroc\u0142awiu [pdf 369KB] System badania rozwoju dzieci [pdf 387KB][\/vc_column_text][vc_column_text css_animation=&#8221;flipInX&#8221;][\/vc_column_text][\/vc_column][\/vc_row][vc_row][vc_column][vc_empty_space height=&#8221;128px&#8221;][\/vc_column][\/vc_row]<\/p>\n","protected":false},"author":72,"featured_media":0,"parent":0,"menu_order":0,"comment_status":"closed","ping_status":"closed","template":"","meta":{"ngg_post_thumbnail":0,"footnotes":""},"class_list":["post-116","page","type-page","status-publish","hentry","clearfix"],"_links":{"self":[{"href":"https:\/\/przedszkole108.edu.wroclaw.pl\/index.php\/wp-json\/wp\/v2\/pages\/116","targetHints":{"allow":["GET"]}}],"collection":[{"href":"https:\/\/przedszkole108.edu.wroclaw.pl\/index.php\/wp-json\/wp\/v2\/pages"}],"about":[{"href":"https:\/\/przedszkole108.edu.wroclaw.pl\/index.php\/wp-json\/wp\/v2\/types\/page"}],"author":[{"embeddable":true,"href":"https:\/\/przedszkole108.edu.wroclaw.pl\/index.php\/wp-json\/wp\/v2\/users\/72"}],"replies":[{"embeddable":true,"href":"https:\/\/przedszkole108.edu.wroclaw.pl\/index.php\/wp-json\/wp\/v2\/comments?post=116"}],"version-history":[{"count":13,"href":"https:\/\/przedszkole108.edu.wroclaw.pl\/index.php\/wp-json\/wp\/v2\/pages\/116\/revisions"}],"predecessor-version":[{"id":7399,"href":"https:\/\/przedszkole108.edu.wroclaw.pl\/index.php\/wp-json\/wp\/v2\/pages\/116\/revisions\/7399"}],"wp:attachment":[{"href":"https:\/\/przedszkole108.edu.wroclaw.pl\/index.php\/wp-json\/wp\/v2\/media?parent=116"}],"curies":[{"name":"wp","href":"https:\/\/api.w.org\/{rel}","templated":true}]}}